{"id":168,"date":"2025-10-20T06:49:04","date_gmt":"2025-10-20T06:49:04","guid":{"rendered":"https:\/\/chicken-road-games.com\/?page_id=168"},"modified":"2025-10-20T08:12:39","modified_gmt":"2025-10-20T08:12:39","slug":"chicken-road-2-demo","status":"publish","type":"page","link":"https:\/\/chicken-road-games.com\/vi\/chicken-road-2-demo\/","title":{"rendered":"Chicken Road 2 Demo"},"content":{"rendered":"<p><\/p>\n<h2>Tr\u1ea3i nghi\u1ec7m c\u1ee7a t\u00f4i v\u1edbi Chicken Road 2 Demo \u2014 Ph\u1ea7n ti\u1ebfp theo nh\u00e2n \u0111\u00f4i s\u1ef1 h\u1ed3i h\u1ed9p<\/h2>\n<p>L\u1ea7n \u0111\u1ea7u ti\u00ean t\u00f4i ch\u01a1i <strong>Chicken Road 2 Demo<\/strong>, t\u00f4i ngh\u0129 m\u00ecnh bi\u1ebft \u0111i\u1ec1u g\u00ec s\u1ebd x\u1ea3y ra \u2014 m\u1ed9t ch\u00fa g\u00e0 d\u1ec5 th\u01b0\u01a1ng, con \u0111\u01b0\u1eddng nguy hi\u1ec3m v\u00e0 m\u1ed9t ch\u00fat c\u0103ng th\u1eb3ng. Nh\u01b0ng ph\u1ea7n ti\u1ebfp theo n\u00e0y \u0111\u00e3 l\u1ea5y m\u1ecdi th\u1ee9 t\u00f4i y\u00eau th\u00edch \u1edf b\u1ea3n g\u1ed1c v\u00e0 khi\u1ebfn tr\u00f2 ch\u01a1i tr\u1edf n\u00ean m\u00e3nh li\u1ec7t, s\u1eb7c s\u1ee1 v\u00e0 chi\u1ebfn l\u01b0\u1ee3c h\u01a1n. Gi\u1edd \u0111\u00e2y c\u00f3 <strong>b\u1ea3n \u0111\u1ed3 m\u1edbi, hi\u1ec7u \u1ee9ng th\u1eddi ti\u1ebft, b\u1eaby v\u00e0 ph\u1ea7n th\u01b0\u1edfng<\/strong> l\u00e0m thay \u0111\u1ed5i ho\u00e0n to\u00e0n l\u1ed1i ch\u01a1i. Ch\u1ec9 sau v\u00e0i ph\u00fat, t\u00f4i \u0111\u00e3 b\u1ecb cu\u1ed1n h\u00fat tr\u1edf l\u1ea1i. \u0110\u00e2y kh\u00f4ng ch\u1ec9 l\u00e0 tr\u00f2 ch\u01a1i \u201cg\u00e0 b\u0103ng qua \u0111\u01b0\u1eddng\u201d \u2014 m\u00e0 l\u00e0 m\u1ed9t th\u1eed th\u00e1ch th\u1ef1c s\u1ef1 v\u1ec1 l\u00f2ng can \u0111\u1ea3m, s\u1ef1 ki\u00ean nh\u1eabn v\u00e0 c\u1ea3 l\u00f2ng tham.<\/p>\n<h3>Chicken Road 2 n\u00f3i v\u1ec1 \u0111i\u1ec1u g\u00ec<\/h3>\n<p>B\u1ea1n \u0111i\u1ec1u khi\u1ec3n ch\u00fa g\u00e0 d\u0169ng c\u1ea3m v\u01b0\u1ee3t qua con \u0111\u01b0\u1eddng nhi\u1ec1u l\u00e0n \u0111\u1ea7y r\u1eaby b\u1ea5t ng\u1edd \u2014 t\u1eeb <strong>ch\u01b0\u1edbng ng\u1ea1i v\u1eadt di chuy\u1ec3n<\/strong> v\u00e0 <strong>\u00f4 b\u00ed \u1ea9n<\/strong> cho \u0111\u1ebfn <strong>l\u00f4ng v\u00e0ng<\/strong> gi\u00fap t\u0103ng ti\u1ec1n th\u01b0\u1edfng. M\u1ed7i b\u01b0\u1edbc ti\u1ebfn t\u0103ng h\u1ec7 s\u1ed1 nh\u00e2n, nh\u01b0ng ch\u1ec9 m\u1ed9t b\u01b0\u1edbc sai l\u1ea7m v\u00e0 m\u1ecdi th\u1ee9 tan bi\u1ebfn.<\/p>\n<ul>\n<li><strong>L\u00f4ng v\u00e0ng<\/strong> \u2013 t\u0103ng h\u1ec7 s\u1ed1 nh\u00e2n ho\u1eb7c c\u1ee9u b\u1ea1n kh\u1ecfi b\u1eaby.<\/li>\n<li><strong>C\u1ea5p \u0111\u1ed9 b\u00e3o<\/strong> \u2013 t\u1ea7m nh\u00ecn h\u1ea1n ch\u1ebf mang \u0111\u1ebfn th\u1eed th\u00e1ch m\u1edbi.<\/li>\n<li><strong>Ti\u1ec1n th\u01b0\u1edfng chu\u1ed7i<\/strong> \u2013 s\u1ed1ng s\u00f3t qua nhi\u1ec1u b\u01b0\u1edbc li\u00ean ti\u1ebfp \u0111\u1ec3 nh\u1eadn ph\u1ea7n th\u01b0\u1edfng cao h\u01a1n.<\/li>\n<\/ul>\n<p>\u0110\u00e2y v\u1eabn l\u00e0 phong c\u00e1ch ch\u01a1i d\u1ea1ng \u201ccrash\u201d \u2014 nh\u01b0ng \u0111\u01b0\u1ee3c t\u00e1i sinh v\u1edbi nhi\u1ec1u chi\u1ebfn thu\u1eadt v\u00e0 k\u1ecbch t\u00ednh h\u01a1n.<\/p>\n<h3>T\u1ea1i sao b\u1ea3n demo l\u1ea1i g\u00e2y nghi\u1ec7n \u0111\u1ebfn v\u1eady<\/h3>\n<p><strong>B\u1ea3n demo<\/strong> s\u1eed d\u1ee5ng t\u00edn d\u1ee5ng \u1ea3o, v\u00ec v\u1eady b\u1ea1n c\u00f3 th\u1ec3 ch\u01a1i tho\u1ea3i m\u00e1i m\u00e0 kh\u00f4ng lo m\u1ea5t ti\u1ec1n th\u1eadt. Ho\u00e0n h\u1ea3o \u0111\u1ec3 luy\u1ec7n ph\u1ea3n x\u1ea1, t\u00ecm hi\u1ec3u c\u01a1 ch\u1ebf ho\u1eb7c \u0111\u01a1n gi\u1ea3n l\u00e0 t\u1eadn h\u01b0\u1edfng c\u1ea3m gi\u00e1c h\u1ed3i h\u1ed9p.<\/p>\n<h3>C\u1ea3m gi\u00e1c khi ch\u01a1i<\/h3>\n<p>Giao di\u1ec7n g\u1ecdn g\u00e0ng v\u00e0 tr\u1ef1c quan, v\u1edbi \u0111\u1ed3 h\u1ecda 3D \u0111\u01b0\u1ee3c n\u00e2ng c\u1ea5p v\u00e0 \u0111i\u1ec1u khi\u1ec3n m\u01b0\u1ee3t m\u00e0.<br \/>\nB\u1ea1n s\u1ebd th\u1ea5y:<\/p>\n<ul>\n<li>B\u1ea3ng \u0111\u01b0\u1eddng \u0111\u1ea7y m\u00e0u s\u1eafc v\u1edbi c\u00e1c ch\u01b0\u1edbng ng\u1ea1i v\u1eadt \u0111\u1ed9ng.<\/li>\n<li>N\u00fat \u201cPLAY\u201d l\u1edbn \u1edf gi\u1eefa m\u1eddi g\u1ecdi b\u1ea1n b\u1eaft \u0111\u1ea7u.<\/li>\n<li>T\u00f9y ch\u1ecdn \u0111\u1eb7t c\u01b0\u1ee3c v\u00e0 \u201cCash Out\u201d h\u1ea5p d\u1eabn \u0111\u1ebfn nguy hi\u1ec3m.<\/li>\n<\/ul>\n<p>M\u1ed7i c\u00fa nh\u1ea5p chu\u1ed9t gi\u1ed1ng nh\u01b0 m\u1ed9t nh\u1ecbp tim. Gi\u1ecdng n\u00f3i b\u00ean trong th\u00ec th\u1ea7m \u201cch\u1ec9 th\u00eam m\u1ed9t b\u01b0\u1edbc n\u1eefa\u201d \u2014 \u0111\u00f3 ch\u00ednh l\u00e0 linh h\u1ed3n c\u1ee7a <strong>Chicken Road 2<\/strong>.<\/p>\n<h3>C\u00e1ch ch\u01a1i (th\u00f3i quen c\u1eadp nh\u1eadt c\u1ee7a t\u00f4i)<\/h3>\n<ol>\n<li>M\u1edf <strong>Chicken Road 2 Demo<\/strong> \u2013 kh\u00f4ng c\u1ea7n t\u1ea3i xu\u1ed1ng.<\/li>\n<li>Ch\u1ecdn m\u1ee9c c\u01b0\u1ee3c \u1ea3o v\u00e0 \u0111\u1ed9 kh\u00f3: D\u1ec5, B\u00ecnh th\u01b0\u1eddng, Kh\u00f3 ho\u1eb7c \u0110i\u00ean r\u1ed3.<\/li>\n<li>Nh\u1ea5n \u201cPlay\u201d v\u00e0 ti\u1ebfn l\u00ean t\u1eebng b\u01b0\u1edbc.<\/li>\n<li>M\u1ed7i b\u01b0\u1edbc t\u0103ng h\u1ec7 s\u1ed1 nh\u00e2n \u2014 ho\u1eb7c k\u1ebft th\u00fac tr\u00f2 ch\u01a1i.<\/li>\n<li>Nh\u1ea5n \u201cCash Out\u201d tr\u01b0\u1edbc khi ch\u00fa g\u00e0 c\u1ee7a b\u1ea1n g\u1eb7p nguy hi\u1ec3m.<\/li>\n<\/ol>\n<h3>M\u1eb9o th\u1ef1c s\u1ef1 hi\u1ec7u qu\u1ea3<\/h3>\n<ul>\n<li><strong>Ch\u01a1i ch\u1eadm.<\/strong> Th\u1eddi \u0111i\u1ec3m quan tr\u1ecdng h\u01a1n may m\u1eafn.<\/li>\n<li><strong>S\u1eed d\u1ee5ng \u00e2m thanh.<\/strong> G\u1ee3i \u00fd \u00e2m thanh c\u00f3 th\u1ec3 c\u1ee9u b\u1ea1n.<\/li>\n<li><strong>\u0110\u1eb7t quy t\u1eafc r\u00fat ti\u1ec1n.<\/strong> T\u00f4i lu\u00f4n d\u1eebng l\u1ea1i sau 4 b\u01b0\u1edbc \u2014 kh\u00f4ng ngo\u1ea1i l\u1ec7.<\/li>\n<li><strong>Thay \u0111\u1ed5i b\u1ea3n \u0111\u1ed3.<\/strong> M\u1ed7i b\u1ea3n \u0111\u1ed3 c\u00f3 nh\u1ecbp \u0111\u1ed9 v\u00e0 m\u00f4 h\u00ecnh ri\u00eang.<\/li>\n<li><strong>Ngh\u1ec9 sau khi th\u1eafng.<\/strong> Gi\u00fap b\u1ea1n gi\u1eef \u0111\u1ea7u \u00f3c t\u1ec9nh t\u00e1o.<\/li>\n<\/ul>\n<h3>\u0110i\u1ec1u g\u00ec khi\u1ebfn Chicken Road 2 kh\u00e1c bi\u1ec7t<\/h3>\n<p>Kh\u00f4ng gi\u1ed1ng b\u1ea3n g\u1ed1c, <strong>Chicken Road 2<\/strong> c\u00f3 <strong>h\u1ec7 s\u1ed1 nh\u00e2n l\u0169y ti\u1ebfn<\/strong>, <strong>\u00f4 th\u01b0\u1edfng<\/strong> v\u00e0 <strong>c\u01a1 ch\u1ebf b\u1ea3n \u0111\u1ed3 m\u1edbi<\/strong> gi\u00fap th\u01b0\u1edfng cho ng\u01b0\u1eddi ch\u01a1i chi\u1ebfn l\u01b0\u1ee3c. H\u1ec7 th\u1ed1ng v\u1eabn <strong>provably fair<\/strong> v\u00e0 <strong>RTP c\u00f4ng b\u1ed1 kho\u1ea3ng 98%<\/strong>, mang l\u1ea1i c\u01a1 h\u1ed9i c\u00f4ng b\u1eb1ng \u0111\u1ec3 ph\u1ee5c h\u1ed3i ngay c\u1ea3 sau chu\u1ed7i thua.<\/p>\n<h3>Demo vs. Ch\u01a1i th\u1eadt<\/h3>\n<p>Trong ch\u1ebf \u0111\u1ed9 demo, t\u1ea5t c\u1ea3 ch\u1ec9 l\u00e0 ni\u1ec1m vui \u2014 kh\u00f4ng \u00e1p l\u1ef1c, kh\u00f4ng thua l\u1ed7. Nh\u01b0ng khi chuy\u1ec3n sang ch\u01a1i b\u1eb1ng ti\u1ec1n th\u1eadt, m\u1ed7i b\u01b0\u1edbc \u0111i \u0111\u1ec1u c\u00f3 gi\u00e1 tr\u1ecb. Ch\u00fa g\u00e0 d\u1ec5 th\u01b0\u01a1ng gi\u1edd tr\u1edf th\u00e0nh b\u00e0i ki\u1ec3m tra v\u1ec1 k\u1ef7 lu\u1eadt v\u00e0 b\u1ea3n l\u0129nh.<\/p>\n<ul>\n<li>Ch\u1ec9 ch\u01a1i t\u1ea1i <strong>casino \u0111\u01b0\u1ee3c c\u1ea5p ph\u00e9p<\/strong> (nh\u01b0 phi\u00ean b\u1ea3n ch\u00ednh th\u1ee9c c\u1ee7a InOut Games).<\/li>\n<li><strong>B\u1eaft \u0111\u1ea7u v\u1edbi c\u01b0\u1ee3c nh\u1ecf.<\/strong> Ki\u00ean \u0111\u1ecbnh c\u00f3 gi\u00e1 tr\u1ecb h\u01a1n r\u1ee7i ro.<\/li>\n<li><strong>\u0110\u1eebng c\u1ed1 g\u1ee1 l\u1ed7.<\/strong> Con \u0111\u01b0\u1eddng l\u00e0 v\u00f4 t\u1eadn \u2014 s\u1ed1 d\u01b0 th\u00ec kh\u00f4ng.<\/li>\n<\/ul>\n<h3>Suy ngh\u0129 cu\u1ed1i c\u00f9ng<\/h3>\n<p><strong>Chicken Road 2 Demo<\/strong> ch\u1ee9ng minh r\u1eb1ng m\u1ed9t \u00fd t\u01b0\u1edfng \u0111\u01a1n gi\u1ea3n v\u1eabn c\u00f3 th\u1ec3 ph\u00e1t tri\u1ec3n. Tr\u00f2 ch\u01a1i nhanh h\u01a1n, h\u1ea5p d\u1eabn h\u01a1n v\u00e0 kh\u00f3 \u0111o\u00e1n h\u01a1n \u2014 nh\u01b0ng v\u1eabn c\u1ef1c k\u1ef3 th\u00fa v\u1ecb. B\u1ea1n s\u1ebd h\u1ecdc c\u01a1 b\u1ea3n ch\u1ec9 trong v\u00e0i gi\u00e2y, nh\u01b0ng mong mu\u1ed1n \u201cth\u00eam m\u1ed9t b\u01b0\u1edbc n\u1eefa\u201d s\u1ebd kh\u00f4ng bao gi\u1edd bi\u1ebfn m\u1ea5t.<\/p>\n<p><em>Ch\u01a1i th\u1eed m\u1ed9t l\u1ea7n \u2014 v\u00e0 b\u1ea1n s\u1ebd hi\u1ec3u t\u1ea1i sao ch\u00fa g\u00e0 nh\u1ecf n\u00e0y \u0111\u00e3 chi\u1ebfm tr\u1ecdn tr\u00e1i tim (v\u00e0 th\u1eddi gian tr\u01b0\u1edbc m\u00e0n h\u00ecnh) c\u1ee7a t\u00f4i.<\/em><\/p>","protected":false},"excerpt":{"rendered":"<p>Tr\u1ea3i nghi\u1ec7m c\u1ee7a t\u00f4i v\u1edbi Chicken Road 2 Demo \u2014 Ph\u1ea7n ti\u1ebfp theo nh\u00e2n \u0111\u00f4i s\u1ef1 h\u1ed3i h\u1ed9p L\u1ea7n \u0111\u1ea7u ti\u00ean t\u00f4i ch\u01a1i Chicken Road 2 Demo, t\u00f4i ngh\u0129 m\u00ecnh bi\u1ebft \u0111i\u1ec1u g\u00ec s\u1ebd x\u1ea3y ra \u2014 m\u1ed9t ch\u00fa g\u00e0 d\u1ec5 th\u01b0\u01a1ng, con \u0111\u01b0\u1eddng nguy hi\u1ec3m v\u00e0 m\u1ed9t ch\u00fat c\u0103ng th\u1eb3ng. Nh\u01b0ng ph\u1ea7n ti\u1ebfp theo [&hellip;]<\/p>\n","protected":false},"author":2,"featured_media":0,"parent":0,"menu_order":0,"comment_status":"closed","ping_status":"closed","template":"","meta":{"pagelayer_contact_templates":[],"_pagelayer_content":"","footnotes":""},"class_list":["post-168","page","type-page","status-publish","hentry"],"_links":{"self":[{"href":"https:\/\/chicken-road-games.com\/vi\/wp-json\/wp\/v2\/pages\/168","targetHints":{"allow":["GET"]}}],"collection":[{"href":"https:\/\/chicken-road-games.com\/vi\/wp-json\/wp\/v2\/pages"}],"about":[{"href":"https:\/\/chicken-road-games.com\/vi\/wp-json\/wp\/v2\/types\/page"}],"author":[{"embeddable":true,"href":"https:\/\/chicken-road-games.com\/vi\/wp-json\/wp\/v2\/users\/2"}],"replies":[{"embeddable":true,"href":"https:\/\/chicken-road-games.com\/vi\/wp-json\/wp\/v2\/comments?post=168"}],"version-history":[{"count":6,"href":"https:\/\/chicken-road-games.com\/vi\/wp-json\/wp\/v2\/pages\/168\/revisions"}],"predecessor-version":[{"id":176,"href":"https:\/\/chicken-road-games.com\/vi\/wp-json\/wp\/v2\/pages\/168\/revisions\/176"}],"wp:attachment":[{"href":"https:\/\/chicken-road-games.com\/vi\/wp-json\/wp\/v2\/media?parent=168"}],"curies":[{"name":"wp","href":"https:\/\/api.w.org\/{rel}","templated":true}]}}