{"id":2,"date":"2025-03-08T11:09:46","date_gmt":"2025-03-08T11:09:46","guid":{"rendered":"http:\/\/chicken-road-games.com\/?page_id=2"},"modified":"2025-10-18T20:52:02","modified_gmt":"2025-10-18T20:52:02","slug":"demo","status":"publish","type":"page","link":"https:\/\/chicken-road-games.com\/az\/demo\/","title":{"rendered":"Chicken Road Demo"},"content":{"rendered":"<p><\/p>\n<h2>Chicken Road Demo il\u0259 t\u0259cr\u00fcb\u0259m \u2014 h\u0259m \u0259yl\u0259nc\u0259li, h\u0259m d\u0259 g\u0259rgin bir oyun, m\u0259ni tamamil\u0259 \u00f6z\u00fcn\u0259 ba\u011flad\u0131<\/h2>\n<p>\u0130lk d\u0259f\u0259 <strong>Chicken Road Demo<\/strong> a\u00e7anda \u00e7ox \u015fey g\u00f6zl\u0259mirdim. Bir toyuq yol ke\u00e7ir \u2014 bu n\u0259 q\u0259d\u0259r maraql\u0131 ola bil\u0259r ki, el\u0259 deyilmi? Be\u015f d\u0259qiq\u0259 sonra \u00fcr\u0259yim el\u0259 d\u00f6y\u00fcn\u00fcrd\u00fc ki, sanki bomba z\u0259r\u0259rsizl\u0259\u015fdirirdim. M\u0259lum oldu ki, bu oyunda \u201ccrash\u201d t\u0259rzli g\u0259rginlik var v\u0259 s\u0259ni ekrandan ay\u0131rmaq olmur.<\/p>\n<h3>Oyun n\u0259d\u0259n ibar\u0259tdir<\/h3>\n<p>T\u0259s\u0259vv\u00fcr et: s\u0259n ki\u00e7ik bir toyu\u011fu idar\u0259 edirs\u0259n, o is\u0259 t\u0259l\u0259l\u0259rl\u0259 v\u0259 s\u00fcrprizl\u0259rl\u0259 dolu \u00e7oxzolaql\u0131 bir yolu ke\u00e7m\u0259k ist\u0259yir. H\u0259r add\u0131m bir riskdir \u2014 n\u00f6vb\u0259ti xan\u0259 t\u0259hl\u00fck\u0259siz olacaqm\u0131, yoxsa toyu\u011fun nugget\u0259 \u00e7evril\u0259c\u0259k?<\/p>\n<p>H\u0259r t\u0259hl\u00fck\u0259siz add\u0131m s\u0259nin \u00e7arpan\u0131n\u0131 art\u0131r\u0131r v\u0259 n\u00f6vb\u0259ti gedi\u015fd\u0259n \u0259vv\u0259l ist\u0259nil\u0259n vaxt \u201cCash Out\u201d ed\u0259 bil\u0259rs\u0259n. \u018fg\u0259r \u00e7ox g\u00f6zl\u0259s\u0259n v\u0259 t\u0259l\u0259y\u0259 d\u00fc\u015fs\u0259n \u2014 h\u0259r \u015feyi itirirs\u0259n. Sad\u0259 bir fikir, amma t\u0259hl\u00fck\u0259li d\u0259r\u0259c\u0259d\u0259 as\u0131l\u0131l\u0131q yarad\u0131r.<\/p>\n<p>Demo versiyada real pul itirmirs\u0259n \u2014 h\u0259r \u015fey virtual kreditl\u0259rl\u0259 gedir. Strategiyan\u0131 s\u0131naqdan ke\u00e7irm\u0259k v\u0259 ya risk hissini z\u00f6vql\u0259 ya\u015famaq \u00fc\u00e7\u00fcn m\u00fck\u0259mm\u0259ldir.<\/p>\n<h3>Oynamaq nec\u0259 hiss etdirir<\/h3>\n<p>Oyun interfeysi t\u0259miz v\u0259 intuitivdir.<\/p>\n<p>Burada var:<\/p>\n<ul>\n<li>Toyu\u011funun ir\u0259lil\u0259diyi sad\u0259 <strong>yol \u015f\u0259b\u0259k\u0259si<\/strong>.<\/li>\n<li>B\u00f6y\u00fck, parlaq <strong>\u201cPlay\u201d<\/strong> d\u00fcym\u0259si oyuna ba\u015flamaq \u00fc\u00e7\u00fcn.<\/li>\n<li>M\u0259rc parametrl\u0259ri v\u0259 s\u0259ni risk\u0259 t\u0259\u015fviq ed\u0259n i\u015f\u0131ql\u0131 <strong>Cash Out<\/strong> d\u00fcym\u0259si.<\/li>\n<\/ul>\n<p>\u0130lk bir ne\u00e7\u0259 raundda tez geri \u00e7\u0259kilirdim (s\u00f6z oyunu q\u0259sd\u0259n). 1.5\u00d7 v\u0259 ya 2\u00d7 \u00e7arpan g\u00f6t\u00fcr\u00fcb \u00f6z\u00fcm\u00fc a\u011f\u0131ll\u0131 hesab edirdim \u2014 ta ki kims\u0259 7\u00d7 qazanana q\u0259d\u0259r. Onda anlad\u0131m ki, m\u0259n d\u0259 daha uza\u011fa ged\u0259 bil\u0259rdim.<\/p>\n<p>Bu, Chicken Road-un t\u0259l\u0259sidir: n\u0259 q\u0259d\u0259r \u00e7ox sa\u011f qalsan, bir o q\u0259d\u0259r acg\u00f6z olursan. Bu, a\u011f\u0131lla i\u00e7ind\u0259ki \u201cbir add\u0131m da, hadi!\u201d dey\u0259n s\u0259sin d\u00f6y\u00fc\u015f\u00fcd\u00fcr.<\/p>\n<h3>Nec\u0259 oynamaq laz\u0131md\u0131r (m\u0259nim \u015f\u0259xsi t\u0259cr\u00fcb\u0259m\u0259 \u0259sas\u0259n)<\/h3>\n<ol>\n<li><strong>Demo versiyan\u0131 a\u00e7.<\/strong><br \/>\nQeydiyyat v\u0259 ya y\u00fckl\u0259m\u0259 t\u0259l\u0259b olunmur \u2014 birba\u015fa brauzerd\u0259 i\u015fl\u0259yir.<\/li>\n<li><strong>M\u0259rcini se\u00e7.<\/strong><br \/>\nVirtual olsa da, m\u0259n onu real pul kimi q\u0259bul edir\u0259m. Bu, intizam\u0131 qoruma\u011fa k\u00f6m\u0259k edir.<\/li>\n<li><strong>\u00c7\u0259tinlik s\u0259viyy\u0259sini se\u00e7.<\/strong><br \/>\n\u201cEasy\u201d daha \u00e7ox t\u0259hl\u00fck\u0259siz add\u0131m verir. \u201cHard\u201d is\u0259 arzular\u0131n\u0131 bir ne\u00e7\u0259 saniy\u0259d\u0259 pu\u00e7a \u00e7evir\u0259 bil\u0259r \u2014 amma qazanc? M\u00f6ht\u0259\u015f\u0259m.<\/li>\n<li><strong>\u201cPlay\u201d d\u00fcym\u0259sini bas v\u0259 ir\u0259lil\u0259.<\/strong><br \/>\nH\u0259r add\u0131m risk art\u0131r\u0131r, amma potensial qazanc\u0131 da b\u00f6y\u00fcd\u00fcr.<\/li>\n<li><strong>N\u0259 vaxt dayanaca\u011f\u0131n\u0131 bil.<\/strong><br \/>\n\u201cCash Out\u201d s\u0259nin xilas d\u00fcym\u0259ndir. Toyu\u011fun y\u00fck ma\u015f\u0131n\u0131n alt\u0131na d\u00fc\u015fm\u0259zd\u0259n \u0259vv\u0259l basma\u011fa t\u0259l\u0259s.<\/li>\n<\/ol>\n<p>Budur \u2014 ya ehtiyatl\u0131 strategs\u0259n, ya da c\u0259sar\u0259tli mac\u0259rap\u0259r\u0259st. M\u0259n h\u0259r ikisi olmu\u015fam.<\/p>\n<h3>H\u0259qiq\u0259t\u0259n i\u015fl\u0259y\u0259n m\u0259sl\u0259h\u0259tl\u0259r (\u00f6z t\u0259cr\u00fcb\u0259md\u0259n)<\/h3>\n<ul>\n<li><strong>Ki\u00e7ikd\u0259n ba\u015fla, daha \u00e7ox ya\u015fa.<\/strong><br \/>\nB\u00f6y\u00fck \u00e7arpanlar\u0131n dal\u0131nca qa\u00e7ma; \u0259vv\u0259lc\u0259 oyunun ritmini hiss et.<\/li>\n<li><strong>U\u011furuna iki d\u0259f\u0259 ard\u0131c\u0131l inanma.<\/strong><br \/>\n\u018fg\u0259r bir raund yax\u015f\u0131 gedibs\u0259, fasil\u0259 ver \u2014 n\u00f6vb\u0259ti s\u0259f\u0259rd\u0259 bu \u00f6z\u00fcn\u0259inam c\u0259zalanacaq.<\/li>\n<li><strong>Demo rejimini real kimi oyna.<\/strong><br \/>\nPul real olmasa da, el\u0259 t\u0259s\u0259vv\u00fcr et. Bu, intizam\u0131 \u00f6yr\u0259dir \u2014 real pula ke\u00e7s\u0259n, \u00e7ox i\u015fin\u0259 yarayacaq.<\/li>\n<li><strong>N\u00fcmun\u0259l\u0259ri m\u00fc\u015fahid\u0259 et.<\/strong><br \/>\nB\u0259z\u0259n el\u0259 g\u0259lir ki, t\u0259l\u0259l\u0259r d\u00f6vri \u015f\u0259kild\u0259 t\u0259krarlan\u0131r. Do\u011frudurmu, bilmir\u0259m, amma \u201cu\u011furlu d\u00f6vrl\u0259r\u201din g\u0259lib-getdiyini g\u00f6rm\u00fc\u015f\u0259m.<\/li>\n<li><strong>\u201cCash Out\u201d qaydas\u0131 t\u0259yin et.<\/strong><br \/>\nM\u0259s\u0259l\u0259n: h\u0259mi\u015f\u0259 4-c\u00fc v\u0259 ya 5-ci add\u0131mdan sonra \u00e7\u0131x. Bu, sabitliyi t\u0259min edir.<\/li>\n<\/ul>\n<h3>Niy\u0259 yenid\u0259n qay\u0131d\u0131ram<\/h3>\n<p>Bu q\u0259rib\u0259 d\u0259r\u0259c\u0259d\u0259 z\u00f6vql\u00fcd\u00fcr. Chicken Road-da parlaq bonuslar v\u0259 ya t\u0259mt\u0259raql\u0131 animasiyalar yoxdur, amma risk v\u0259 m\u00fckafat psixologiyas\u0131n\u0131 m\u00fck\u0259mm\u0259l \u015f\u0259kild\u0259 \u00e7atd\u0131r\u0131r. Bir add\u0131m daha at\u0131b sa\u011f qald\u0131\u011f\u0131nda yaranan o adrenalin hissi \u2014 \u0259v\u0259zolunmazd\u0131r.<\/p>\n<p>Bundan \u0259lav\u0259, oyun <strong>provably fair<\/strong> (n\u0259tic\u0259l\u0259ri yoxlamaq m\u00fcmk\u00fcnd\u00fcr), bu da onu bir \u00e7ox t\u0259sad\u00fcfi \u201ccrash\u201d klonlar\u0131ndan daha etibarl\u0131 edir. <strong>RTP t\u0259xmin\u0259n 98%<\/strong> s\u0259viyy\u0259sind\u0259dir, bu da niy\u0259 \u00e7ox vaxt pis seriyalardan sonra toparlana bildiyimi izah edir.<\/p>\n<h3>Demo v\u0259 real oyun aras\u0131ndak\u0131 f\u0259rq<\/h3>\n<p>Demo rejimind\u0259 qorxmazsan \u2014 \u00e7\u00fcnki uduzmaq a\u011fr\u0131tmaz. Amma real pulla <strong>Chicken Road<\/strong> oynayanda h\u0259r \u015fey d\u0259yi\u015fir. H\u0259r q\u0259rar bird\u0259n-bir\u0259 vacib olur. \u201cBir add\u0131m da\u201d art\u0131q \u00f6z qiym\u0259tin\u0259 sahib olur.<\/p>\n<p>\u018fg\u0259r real pulla oynay\u0131rsansa:<\/p>\n<ul>\n<li>Ki\u00e7ik m\u0259rc m\u0259bl\u0259\u011fl\u0259ri il\u0259 ba\u015fla.<\/li>\n<li>Yaln\u0131z lisenziyal\u0131 kazinolarda oyna (InOut Games versiyalar\u0131n\u0131 yoxla).<\/li>\n<li>Z\u0259r\u0259rl\u0259rin arxas\u0131nca qa\u00e7ma \u2014 Chicken Road s\u0259brlil\u0259ri, yox, \u0259s\u0259bil\u0259ri m\u00fckafatland\u0131r\u0131r.<\/li>\n<\/ul>\n<h3>N\u0259tic\u0259<\/h3>\n<p><strong>Chicken Road Demo<\/strong> m\u0259ni t\u0259\u0259cc\u00fcbl\u0259ndirdi. Sad\u0259, s\u0259liq\u0259li v\u0259 d\u00fcr\u00fcst \u2014 bu, \u0259s\u0259bl\u0259rin v\u0259 tamah\u0131n saf s\u0131na\u011f\u0131d\u0131r. Onu 2 d\u0259qiq\u0259y\u0259 \u00f6yr\u0259nm\u0259k olar, amma m\u00fck\u0259mm\u0259l vaxtlama bacar\u0131\u011f\u0131 qazanmaq \u00fc\u00e7\u00fcn saatlar t\u0259l\u0259b olunur.<\/p>\n<p>Bu, o oyunlardand\u0131r ki, \u201csad\u0259c\u0259 bir d\u0259f\u0259 yoxlay\u0131m\u201d deyirs\u0259n, bir saat sonra is\u0259 h\u0259l\u0259 d\u0259 deyirs\u0259n: \u201c<em>Yax\u015f\u0131, h\u0259l\u0259 bir raund da.<\/em>\u201d<\/p>","protected":false},"excerpt":{"rendered":"<p>Chicken Road Demo il\u0259 t\u0259cr\u00fcb\u0259m \u2014 h\u0259m \u0259yl\u0259nc\u0259li, h\u0259m d\u0259 g\u0259rgin bir oyun, m\u0259ni tamamil\u0259 \u00f6z\u00fcn\u0259 ba\u011flad\u0131 \u0130lk d\u0259f\u0259 Chicken Road Demo a\u00e7anda \u00e7ox \u015fey g\u00f6zl\u0259mirdim. Bir toyuq yol ke\u00e7ir \u2014 bu n\u0259 q\u0259d\u0259r maraql\u0131 ola bil\u0259r ki, el\u0259 deyilmi? Be\u015f d\u0259qiq\u0259 sonra \u00fcr\u0259yim el\u0259 d\u00f6y\u00fcn\u00fcrd\u00fc ki, sanki bomba z\u0259r\u0259rsizl\u0259\u015fdirirdim. M\u0259lum oldu ki, bu oyunda [&hellip;]<\/p>\n","protected":false},"author":1,"featured_media":0,"parent":0,"menu_order":0,"comment_status":"closed","ping_status":"open","template":"","meta":{"pagelayer_contact_templates":[],"_pagelayer_content":"","footnotes":""},"class_list":["post-2","page","type-page","status-publish","hentry"],"_links":{"self":[{"href":"https:\/\/chicken-road-games.com\/az\/wp-json\/wp\/v2\/pages\/2","targetHints":{"allow":["GET"]}}],"collection":[{"href":"https:\/\/chicken-road-games.com\/az\/wp-json\/wp\/v2\/pages"}],"about":[{"href":"https:\/\/chicken-road-games.com\/az\/wp-json\/wp\/v2\/types\/page"}],"author":[{"embeddable":true,"href":"https:\/\/chicken-road-games.com\/az\/wp-json\/wp\/v2\/users\/1"}],"replies":[{"embeddable":true,"href":"https:\/\/chicken-road-games.com\/az\/wp-json\/wp\/v2\/comments?post=2"}],"version-history":[{"count":15,"href":"https:\/\/chicken-road-games.com\/az\/wp-json\/wp\/v2\/pages\/2\/revisions"}],"predecessor-version":[{"id":154,"href":"https:\/\/chicken-road-games.com\/az\/wp-json\/wp\/v2\/pages\/2\/revisions\/154"}],"wp:attachment":[{"href":"https:\/\/chicken-road-games.com\/az\/wp-json\/wp\/v2\/media?parent=2"}],"curies":[{"name":"wp","href":"https:\/\/api.w.org\/{rel}","templated":true}]}}