{"id":168,"date":"2025-10-20T06:49:04","date_gmt":"2025-10-20T06:49:04","guid":{"rendered":"https:\/\/chicken-road-games.com\/?page_id=168"},"modified":"2025-10-20T08:12:39","modified_gmt":"2025-10-20T08:12:39","slug":"chicken-road-2-demo","status":"publish","type":"page","link":"https:\/\/chicken-road-games.com\/az\/chicken-road-2-demo\/","title":{"rendered":"Chicken Road 2 Demo"},"content":{"rendered":"<p><\/p>\n<h2>Chicken Road 2 Demo t\u0259cr\u00fcb\u0259m \u2014 H\u0259y\u0259can\u0131 iki d\u0259f\u0259 art\u0131ran davam\u0131<\/h2>\n<p>\u0130lk d\u0259f\u0259 <strong>Chicken Road 2 Demo<\/strong> oynayanda, n\u0259 olaca\u011f\u0131n\u0131 bildiyimi d\u00fc\u015f\u00fcnd\u00fcm \u2014 \u015firin bir toyuq, t\u0259hl\u00fck\u0259li yol v\u0259 bir az h\u0259y\u0259can. Amma bu davam oyunun orijinal versiyas\u0131ndak\u0131 h\u0259r \u015feyi g\u00f6t\u00fcr\u00fcb onu daha da g\u0259rgin, r\u0259ngar\u0259ng v\u0259 strateji etdi. \u0130ndi burada <strong>yeni x\u0259rit\u0259l\u0259r, hava \u015f\u0259raiti effektl\u0259ri, t\u0259l\u0259l\u0259r v\u0259 bonuslar<\/strong> var ki, bunlar oyunun ax\u0131\u015f\u0131n\u0131 tamamil\u0259 d\u0259yi\u015fdirir. Bir ne\u00e7\u0259 d\u0259qiq\u0259d\u0259n sonra yenid\u0259n as\u0131l\u0131 oldum. Bu art\u0131q sad\u0259c\u0259 bir toyu\u011fun yolu ke\u00e7m\u0259si deyil \u2014 bu, c\u0259sar\u0259t, s\u0259bir v\u0259 tamah\u0131n s\u0131na\u011f\u0131d\u0131r.<\/p>\n<h3>Chicken Road 2 n\u0259d\u0259n ibar\u0259tdir<\/h3>\n<p>C\u0259sur toyu\u011funu \u00e7oxzolaql\u0131, s\u00fcrprizl\u0259rl\u0259 dolu bir yol boyunca idar\u0259 edirs\u0259n \u2014 <strong>h\u0259r\u0259k\u0259t ed\u0259n mane\u0259l\u0259r<\/strong>, <strong>sirli x\u0259tl\u0259r<\/strong> v\u0259 <strong>q\u0131z\u0131l l\u0259l\u0259kl\u0259r<\/strong> vasit\u0259sil\u0259, bunlar qazanc\u0131n\u0131 art\u0131r\u0131r. H\u0259r add\u0131m s\u0259nin \u00e7oxald\u0131c\u0131n\u0131 b\u00f6y\u00fcd\u00fcr, amma bir s\u0259hv add\u0131m \u2014 v\u0259 h\u0259r \u015fey bitdi.<\/p>\n<ul>\n<li><strong>Q\u0131z\u0131l l\u0259l\u0259kl\u0259r<\/strong> \u2013 \u00e7oxald\u0131c\u0131n\u0131 art\u0131r\u0131r v\u0259 ya s\u0259ni t\u0259l\u0259d\u0259n xilas edir.<\/li>\n<li><strong>F\u0131rt\u0131nal\u0131 s\u0259viyy\u0259l\u0259r<\/strong> \u2013 az g\u00f6r\u00fcnm\u0259 yeni \u00e7\u0259tinlik yarad\u0131r.<\/li>\n<li><strong>Kombinasiya bonuslar\u0131<\/strong> \u2013 ard\u0131c\u0131l bir ne\u00e7\u0259 add\u0131m sa\u011f qal, daha b\u00f6y\u00fck m\u00fckafatlar qazan.<\/li>\n<\/ul>\n<p>Bu, \u0259vv\u0259lki \u201ccrash\u201d \u00fcslublu oyunla eynidir \u2014 amma indi daha \u00e7ox strategiya v\u0259 g\u0259rginlikl\u0259 yenid\u0259n do\u011fulub.<\/p>\n<h3>Niy\u0259 demo bu q\u0259d\u0259r as\u0131l\u0131l\u0131q yarad\u0131r<\/h3>\n<p><strong>Demo versiyas\u0131<\/strong> virtual kreditl\u0259rd\u0259n istifad\u0259 edir, bel\u0259likl\u0259 s\u0259n real pul itirm\u0259d\u0259n s\u0259rb\u0259st oynaya bil\u0259rs\u0259n. Bu, zamanlaman\u0131 m\u0259\u015fq etm\u0259k, oyunun mexanikas\u0131n\u0131 anlamaq v\u0259 ya sad\u0259c\u0259 adrenalin hiss etm\u0259k \u00fc\u00e7\u00fcn m\u00fck\u0259mm\u0259ldir.<\/p>\n<h3>Oynamaq nec\u0259 hiss olunur<\/h3>\n<p>\u0130nterfeys sad\u0259 v\u0259 intuitivdir, t\u0259kmill\u0259\u015fdirilmi\u015f 3D qrafika v\u0259 hamar idar\u0259etm\u0259l\u0259r il\u0259.<br \/>\nG\u00f6r\u0259c\u0259ks\u0259n:<\/p>\n<ul>\n<li>Animasiyal\u0131 mane\u0259l\u0259rl\u0259 r\u0259ngar\u0259ng yol toru.<\/li>\n<li>M\u0259rk\u0259zd\u0259 b\u00f6y\u00fck \u201cPLAY\u201d d\u00fcym\u0259si \u2014 s\u0259ni ba\u015flama\u011fa \u00e7a\u011f\u0131r\u0131r.<\/li>\n<li>\u201cBet\u201d v\u0259 \u201cCash Out\u201d se\u00e7iml\u0259ri \u2014 t\u0259hl\u00fck\u0259li d\u0259r\u0259c\u0259d\u0259 c\u0259lbedici.<\/li>\n<\/ul>\n<p>H\u0259r klik \u00fcr\u0259k d\u00f6y\u00fcnt\u00fcs\u00fc kimi hiss olunur. O daxili s\u0259s \u201cbir add\u0131m da at\u201d deyir \u2014 bu, <strong>Chicken Road 2<\/strong>-nin ruhudur.<\/p>\n<h3>Nec\u0259 oynamaq olar (yenil\u0259nmi\u015f \u00fcsulum)<\/h3>\n<ol>\n<li><strong>Chicken Road 2 Demo<\/strong> a\u00e7 \u2014 y\u00fckl\u0259m\u0259 t\u0259l\u0259b olunmur.<\/li>\n<li>Virtual m\u0259rcini t\u0259yin et v\u0259 \u00e7\u0259tinlik s\u0259viyy\u0259sini se\u00e7: Asan, Normal, \u00c7\u0259tin v\u0259 ya D\u0259lilik.<\/li>\n<li>\u201cPlay\u201d d\u00fcym\u0259sini s\u0131x v\u0259 add\u0131m-add\u0131m ir\u0259lil\u0259.<\/li>\n<li>H\u0259r add\u0131m \u00e7oxald\u0131c\u0131n\u0131 art\u0131r\u0131r \u2014 ya da oyunu bitirir.<\/li>\n<li>Tovu\u011fun t\u0259hl\u00fck\u0259y\u0259 d\u00fc\u015fm\u0259sind\u0259n \u0259vv\u0259l \u201cCash Out\u201d d\u00fcym\u0259sini s\u0131x.<\/li>\n<\/ol>\n<h3>H\u0259qiq\u0259t\u0259n i\u015fl\u0259y\u0259n m\u0259sl\u0259h\u0259tl\u0259r<\/h3>\n<ul>\n<li><strong>Asta oyna.<\/strong> Zamanlama b\u0259xtd\u0259n daha vacibdir.<\/li>\n<li><strong>S\u0259si istifad\u0259 et.<\/strong> Audio siqnallar s\u0259ni xilas ed\u0259 bil\u0259r.<\/li>\n<li><strong>Cash Out qaydas\u0131 qoy.<\/strong> M\u0259n h\u0259mi\u015f\u0259 4 add\u0131mdan sonra dayan\u0131r\u0131m \u2014 istisnas\u0131z.<\/li>\n<li><strong>X\u0259rit\u0259l\u0259ri d\u0259yi\u015f.<\/strong> H\u0259r x\u0259rit\u0259nin \u00f6z ritmi v\u0259 n\u00fcmun\u0259si var.<\/li>\n<li><strong>Q\u0259l\u0259b\u0259d\u0259n sonra fasil\u0259 ver.<\/strong> Bu, d\u00fc\u015f\u00fcnc\u0259ni ayd\u0131n saxlay\u0131r.<\/li>\n<\/ul>\n<h3>Chicken Road 2-ni f\u0259rqli ed\u0259n n\u0259dir<\/h3>\n<p>Orijinal versiyadan f\u0259rqli olaraq, <strong>Chicken Road 2<\/strong> <strong>proqressiv \u00e7oxald\u0131c\u0131lar<\/strong>, <strong>bonus x\u0259tl\u0259ri<\/strong> v\u0259 <strong>yeni x\u0259rit\u0259 mexanikas\u0131<\/strong> t\u0259qdim edir, a\u011f\u0131ll\u0131 oyun\u00e7ular\u0131 m\u00fckafatland\u0131r\u0131r. Sistem h\u0259l\u0259 d\u0259 <strong>provably fair<\/strong> prinsipi il\u0259 i\u015fl\u0259yir v\u0259 <strong>RTP t\u0259xmin\u0259n 98%<\/strong> t\u0259\u015fkil edir \u2014 bu, h\u0259tta itkil\u0259rd\u0259n sonra da b\u0259rpa \u015fans\u0131 yarad\u0131r.<\/p>\n<h3>Demo v\u0259 real oyun aras\u0131ndak\u0131 f\u0259rq<\/h3>\n<p>Demo rejimd\u0259 bu, sad\u0259c\u0259 \u0259yl\u0259nc\u0259dir \u2014 n\u0259 t\u0259zyiq var, n\u0259 d\u0259 itki. Amma real pulla oynayanda h\u0259r add\u0131m\u0131n d\u0259y\u0259ri var. H\u0259min o \u015firin toyuq indi intizam v\u0259 \u00f6z\u00fcn\u00fc idar\u0259etm\u0259 s\u0131na\u011f\u0131na \u00e7evrilir.<\/p>\n<ul>\n<li>Yaln\u0131z <strong>lisenziyal\u0131 kazinolarda<\/strong> oyna (m\u0259s\u0259l\u0259n, InOut Games-in r\u0259smi versiyalar\u0131nda).<\/li>\n<li><strong>Ki\u00e7ik m\u0259rcl\u0259rl\u0259 ba\u015fla.<\/strong> Davaml\u0131l\u0131q riskd\u0259n daha \u00e7ox qazand\u0131r\u0131r.<\/li>\n<li><strong>Z\u0259r\u0259ri qovalama.<\/strong> Yol sonsuzdur \u2014 balans\u0131n is\u0259 deyil.<\/li>\n<\/ul>\n<h3>Son fikirl\u0259r<\/h3>\n<p><strong>Chicken Road 2 Demo<\/strong> s\u00fcbut edir ki, sad\u0259 bir fikir bel\u0259 inki\u015faf ed\u0259 bil\u0259r. Oyun daha s\u00fcr\u0259tli, h\u0259y\u0259canl\u0131 v\u0259 g\u00f6zl\u0259nilm\u0259zdir \u2014 amma h\u0259l\u0259 d\u0259 t\u0259hl\u00fck\u0259li d\u0259r\u0259c\u0259d\u0259 \u0259yl\u0259nc\u0259lidir. \u018fsaslar\u0131 bir ne\u00e7\u0259 saniy\u0259d\u0259 \u00f6yr\u0259n\u0259 bil\u0259rs\u0259n, amma \u201cbir add\u0131m da atmaq\u201d arzusu he\u00e7 vaxt itmir.<\/p>\n<p><em>Bir d\u0259f\u0259 oyna \u2014 v\u0259 anlayacaqsan ki, bu ki\u00e7ik toyuq nec\u0259 m\u0259nim q\u0259lbimi (v\u0259 ekran vaxt\u0131m\u0131) f\u0259th edib.<\/em><\/p>","protected":false},"excerpt":{"rendered":"<p>Chicken Road 2 Demo t\u0259cr\u00fcb\u0259m \u2014 H\u0259y\u0259can\u0131 iki d\u0259f\u0259 art\u0131ran davam\u0131 \u0130lk d\u0259f\u0259 Chicken Road 2 Demo oynayanda, n\u0259 olaca\u011f\u0131n\u0131 bildiyimi d\u00fc\u015f\u00fcnd\u00fcm \u2014 \u015firin bir toyuq, t\u0259hl\u00fck\u0259li yol v\u0259 bir az h\u0259y\u0259can. Amma bu davam oyunun orijinal versiyas\u0131ndak\u0131 h\u0259r \u015feyi g\u00f6t\u00fcr\u00fcb onu daha da g\u0259rgin, r\u0259ngar\u0259ng v\u0259 strateji etdi. \u0130ndi burada yeni x\u0259rit\u0259l\u0259r, hava \u015f\u0259raiti [&hellip;]<\/p>\n","protected":false},"author":2,"featured_media":0,"parent":0,"menu_order":0,"comment_status":"closed","ping_status":"closed","template":"","meta":{"pagelayer_contact_templates":[],"_pagelayer_content":"","footnotes":""},"class_list":["post-168","page","type-page","status-publish","hentry"],"_links":{"self":[{"href":"https:\/\/chicken-road-games.com\/az\/wp-json\/wp\/v2\/pages\/168","targetHints":{"allow":["GET"]}}],"collection":[{"href":"https:\/\/chicken-road-games.com\/az\/wp-json\/wp\/v2\/pages"}],"about":[{"href":"https:\/\/chicken-road-games.com\/az\/wp-json\/wp\/v2\/types\/page"}],"author":[{"embeddable":true,"href":"https:\/\/chicken-road-games.com\/az\/wp-json\/wp\/v2\/users\/2"}],"replies":[{"embeddable":true,"href":"https:\/\/chicken-road-games.com\/az\/wp-json\/wp\/v2\/comments?post=168"}],"version-history":[{"count":6,"href":"https:\/\/chicken-road-games.com\/az\/wp-json\/wp\/v2\/pages\/168\/revisions"}],"predecessor-version":[{"id":176,"href":"https:\/\/chicken-road-games.com\/az\/wp-json\/wp\/v2\/pages\/168\/revisions\/176"}],"wp:attachment":[{"href":"https:\/\/chicken-road-games.com\/az\/wp-json\/wp\/v2\/media?parent=168"}],"curies":[{"name":"wp","href":"https:\/\/api.w.org\/{rel}","templated":true}]}}